{"id":11,"date":"2022-04-12T15:39:36","date_gmt":"2022-04-12T13:39:36","guid":{"rendered":"https:\/\/frauwolle.at\/2022_wp_pxl\/?page_id=11"},"modified":"2023-02-28T17:31:06","modified_gmt":"2023-02-28T16:31:06","slug":"impressum","status":"publish","type":"page","link":"https:\/\/frauwolle.at\/en_uk\/impressum\/","title":{"rendered":"Imprint"},"content":{"rendered":"<p class=\"has-small-font-size\">Inhaberin der Website und verantwortlich f\u00fcr den Inhalt, sowie Rechteinhaberin f\u00fcr s\u00e4mtliche Bilder, sofern nicht extra angegeben:<\/p>\n\n\n\n<p class=\"has-small-font-size\">Mag. Karin Tscholl<br>Gr\u00e4tschenwinkelweg 16<br>6080 Igls<br>\u00d6sterreich<\/p>\n\n\n\n<p class=\"has-small-font-size\">ATU57608967<\/p>\n\n\n\n<p class=\"has-small-font-size\"><a href=\"mailto:frauwolle@frauwolle.at\">frauwolle@frauwolle.at<\/a><br><a href=\"https:\/\/frauwolle.at\/en_uk\/\">frauwolle.at<\/a><\/p>\n\n\n\n<hr class=\"wp-block-separator has-alpha-channel-opacity is-style-wide\"\/>\n\n\n\n<p class=\"has-small-font-size\">Webdesign: <a href=\"https:\/\/www.pixlerei.at\" target=\"_blank\" rel=\"noreferrer noopener\">Birgit Raitmayr | pixlerei.at<\/a><\/p>\n\n\n\n<p class=\"has-small-font-size\">Gemalt wurde das Meiste auf dieser Website von <a href=\"http:\/\/www.byhand.at\/\" target=\"_blank\" rel=\"noreferrer noopener\">Almuth Mota<\/a>, die sch\u00f6nsten Fotos hat <a href=\"http:\/\/tanjaquasdorf-fotografie.de\/\" target=\"_blank\" rel=\"noreferrer noopener\">Tanja Quasdorf <\/a>gemacht.<\/p>","protected":false},"excerpt":{"rendered":"<p>Inhaberin der Website und verantwortlich f\u00fcr den Inhalt, sowie Rechteinhaberin f\u00fcr s\u00e4mtliche Bilder, sofern nicht extra angegeben: Mag. Karin TschollGr\u00e4tschenwinkelweg 166080 Igls\u00d6sterreich ATU57608967 frauwolle@frauwolle.atfrauwolle.at Webdesign: Birgit Raitmayr | pixlerei.at Gemalt [&hellip;]<\/p>\n","protected":false},"author":1,"featured_media":0,"parent":0,"menu_order":0,"comment_status":"closed","ping_status":"closed","template":"","meta":{"footnotes":""},"class_list":["post-11","page","type-page","status-publish","hentry"],"featured_image_src":null,"yoast_head":"<!-- This site is optimized with the Yoast SEO plugin v27.5 - https:\/\/yoast.com\/product\/yoast-seo-wordpress\/ -->\n<title>Impressum - M\u00e4rchenerz\u00e4hlerin Frau Wolle<\/title>\n<meta name=\"robots\" content=\"index, follow, max-snippet:-1, max-image-preview:large, max-video-preview:-1\" \/>\n<link rel=\"canonical\" href=\"https:\/\/frauwolle.at\/en_uk\/impressum\/\" \/>\n<meta property=\"og:locale\" content=\"en_US\" \/>\n<meta property=\"og:type\" content=\"article\" \/>\n<meta property=\"og:title\" content=\"Impressum - M\u00e4rchenerz\u00e4hlerin Frau Wolle\" \/>\n<meta property=\"og:description\" content=\"Inhaberin der Website und verantwortlich f\u00fcr den Inhalt, sowie Rechteinhaberin f\u00fcr s\u00e4mtliche Bilder, sofern nicht extra angegeben: Mag. Karin TschollGr\u00e4tschenwinkelweg 166080 Igls\u00d6sterreich ATU57608967 frauwolle@frauwolle.atfrauwolle.at Webdesign: Birgit Raitmayr | pixlerei.at Gemalt [&hellip;]\" \/>\n<meta property=\"og:url\" content=\"https:\/\/frauwolle.at\/en_uk\/impressum\/\" \/>\n<meta property=\"og:site_name\" content=\"M\u00e4rchenerz\u00e4hlerin Frau Wolle\" \/>\n<meta property=\"article:modified_time\" content=\"2023-02-28T16:31:06+00:00\" \/>\n<meta name=\"twitter:card\" content=\"summary_large_image\" \/>\n<meta name=\"twitter:label1\" content=\"Est. reading time\" \/>\n\t<meta name=\"twitter:data1\" content=\"1 minute\" \/>\n<script type=\"application\/ld+json\" class=\"yoast-schema-graph\">{\"@context\":\"https:\\\/\\\/schema.org\",\"@graph\":[{\"@type\":\"WebPage\",\"@id\":\"https:\\\/\\\/frauwolle.at\\\/impressum\\\/\",\"url\":\"https:\\\/\\\/frauwolle.at\\\/impressum\\\/\",\"name\":\"Impressum - M\u00e4rchenerz\u00e4hlerin Frau Wolle\",\"isPartOf\":{\"@id\":\"https:\\\/\\\/frauwolle.at\\\/#website\"},\"datePublished\":\"2022-04-12T13:39:36+00:00\",\"dateModified\":\"2023-02-28T16:31:06+00:00\",\"breadcrumb\":{\"@id\":\"https:\\\/\\\/frauwolle.at\\\/impressum\\\/#breadcrumb\"},\"inLanguage\":\"en-UK\",\"potentialAction\":[{\"@type\":\"ReadAction\",\"target\":[\"https:\\\/\\\/frauwolle.at\\\/impressum\\\/\"]}]},{\"@type\":\"BreadcrumbList\",\"@id\":\"https:\\\/\\\/frauwolle.at\\\/impressum\\\/#breadcrumb\",\"itemListElement\":[{\"@type\":\"ListItem\",\"position\":1,\"name\":\"Startseite\",\"item\":\"https:\\\/\\\/frauwolle.at\\\/\"},{\"@type\":\"ListItem\",\"position\":2,\"name\":\"Impressum\"}]},{\"@type\":\"WebSite\",\"@id\":\"https:\\\/\\\/frauwolle.at\\\/#website\",\"url\":\"https:\\\/\\\/frauwolle.at\\\/\",\"name\":\"M\u00e4rchenerz\u00e4hlerin Frau Wolle\",\"description\":\"Erz\u00e4hlabende, B\u00fccher, Coaching\",\"publisher\":{\"@id\":\"https:\\\/\\\/frauwolle.at\\\/#\\\/schema\\\/person\\\/0b5b278292d8feda95d2b1707ce2c028\"},\"potentialAction\":[{\"@type\":\"SearchAction\",\"target\":{\"@type\":\"EntryPoint\",\"urlTemplate\":\"https:\\\/\\\/frauwolle.at\\\/?s={search_term_string}\"},\"query-input\":{\"@type\":\"PropertyValueSpecification\",\"valueRequired\":true,\"valueName\":\"search_term_string\"}}],\"inLanguage\":\"en-UK\"},{\"@type\":[\"Person\",\"Organization\"],\"@id\":\"https:\\\/\\\/frauwolle.at\\\/#\\\/schema\\\/person\\\/0b5b278292d8feda95d2b1707ce2c028\",\"name\":\"Frau Wolle\",\"image\":{\"@type\":\"ImageObject\",\"inLanguage\":\"en-UK\",\"@id\":\"https:\\\/\\\/frauwolle.at\\\/wp-content\\\/uploads\\\/2022\\\/07\\\/schriftzug-frau-wolle.png\",\"url\":\"https:\\\/\\\/frauwolle.at\\\/wp-content\\\/uploads\\\/2022\\\/07\\\/schriftzug-frau-wolle.png\",\"contentUrl\":\"https:\\\/\\\/frauwolle.at\\\/wp-content\\\/uploads\\\/2022\\\/07\\\/schriftzug-frau-wolle.png\",\"width\":1245,\"height\":412,\"caption\":\"Frau Wolle\"},\"logo\":{\"@id\":\"https:\\\/\\\/frauwolle.at\\\/wp-content\\\/uploads\\\/2022\\\/07\\\/schriftzug-frau-wolle.png\"},\"sameAs\":[\"https:\\\/\\\/www.youtube.com\\\/user\\\/FrauwolleKTscholl\"]}]}<\/script>\n<!-- \/ Yoast SEO plugin. -->","yoast_head_json":{"title":"Impressum - M\u00e4rchenerz\u00e4hlerin Frau Wolle","robots":{"index":"index","follow":"follow","max-snippet":"max-snippet:-1","max-image-preview":"max-image-preview:large","max-video-preview":"max-video-preview:-1"},"canonical":"https:\/\/frauwolle.at\/en_uk\/impressum\/","og_locale":"en_US","og_type":"article","og_title":"Impressum - M\u00e4rchenerz\u00e4hlerin Frau Wolle","og_description":"Inhaberin der Website und verantwortlich f\u00fcr den Inhalt, sowie Rechteinhaberin f\u00fcr s\u00e4mtliche Bilder, sofern nicht extra angegeben: Mag. Karin TschollGr\u00e4tschenwinkelweg 166080 Igls\u00d6sterreich ATU57608967 frauwolle@frauwolle.atfrauwolle.at Webdesign: Birgit Raitmayr | pixlerei.at Gemalt [&hellip;]","og_url":"https:\/\/frauwolle.at\/en_uk\/impressum\/","og_site_name":"M\u00e4rchenerz\u00e4hlerin Frau Wolle","article_modified_time":"2023-02-28T16:31:06+00:00","twitter_card":"summary_large_image","twitter_misc":{"Est. reading time":"1 minute"},"schema":{"@context":"https:\/\/schema.org","@graph":[{"@type":"WebPage","@id":"https:\/\/frauwolle.at\/impressum\/","url":"https:\/\/frauwolle.at\/impressum\/","name":"Impressum - M\u00e4rchenerz\u00e4hlerin Frau Wolle","isPartOf":{"@id":"https:\/\/frauwolle.at\/#website"},"datePublished":"2022-04-12T13:39:36+00:00","dateModified":"2023-02-28T16:31:06+00:00","breadcrumb":{"@id":"https:\/\/frauwolle.at\/impressum\/#breadcrumb"},"inLanguage":"en-UK","potentialAction":[{"@type":"ReadAction","target":["https:\/\/frauwolle.at\/impressum\/"]}]},{"@type":"BreadcrumbList","@id":"https:\/\/frauwolle.at\/impressum\/#breadcrumb","itemListElement":[{"@type":"ListItem","position":1,"name":"Startseite","item":"https:\/\/frauwolle.at\/"},{"@type":"ListItem","position":2,"name":"Impressum"}]},{"@type":"WebSite","@id":"https:\/\/frauwolle.at\/#website","url":"https:\/\/frauwolle.at\/","name":"Storyteller Frau Wolle","description":"Erz\u00e4hlabende, B\u00fccher, Coaching","publisher":{"@id":"https:\/\/frauwolle.at\/#\/schema\/person\/0b5b278292d8feda95d2b1707ce2c028"},"potentialAction":[{"@type":"SearchAction","target":{"@type":"EntryPoint","urlTemplate":"https:\/\/frauwolle.at\/?s={search_term_string}"},"query-input":{"@type":"PropertyValueSpecification","valueRequired":true,"valueName":"search_term_string"}}],"inLanguage":"en-UK"},{"@type":["Person","Organization"],"@id":"https:\/\/frauwolle.at\/#\/schema\/person\/0b5b278292d8feda95d2b1707ce2c028","name":"Frau Wolle","image":{"@type":"ImageObject","inLanguage":"en-UK","@id":"https:\/\/frauwolle.at\/wp-content\/uploads\/2022\/07\/schriftzug-frau-wolle.png","url":"https:\/\/frauwolle.at\/wp-content\/uploads\/2022\/07\/schriftzug-frau-wolle.png","contentUrl":"https:\/\/frauwolle.at\/wp-content\/uploads\/2022\/07\/schriftzug-frau-wolle.png","width":1245,"height":412,"caption":"Frau Wolle"},"logo":{"@id":"https:\/\/frauwolle.at\/wp-content\/uploads\/2022\/07\/schriftzug-frau-wolle.png"},"sameAs":["https:\/\/www.youtube.com\/user\/FrauwolleKTscholl"]}]}},"_links":{"self":[{"href":"https:\/\/frauwolle.at\/en_uk\/wp-json\/wp\/v2\/pages\/11","targetHints":{"allow":["GET"]}}],"collection":[{"href":"https:\/\/frauwolle.at\/en_uk\/wp-json\/wp\/v2\/pages"}],"about":[{"href":"https:\/\/frauwolle.at\/en_uk\/wp-json\/wp\/v2\/types\/page"}],"author":[{"embeddable":true,"href":"https:\/\/frauwolle.at\/en_uk\/wp-json\/wp\/v2\/users\/1"}],"replies":[{"embeddable":true,"href":"https:\/\/frauwolle.at\/en_uk\/wp-json\/wp\/v2\/comments?post=11"}],"version-history":[{"count":0,"href":"https:\/\/frauwolle.at\/en_uk\/wp-json\/wp\/v2\/pages\/11\/revisions"}],"wp:attachment":[{"href":"https:\/\/frauwolle.at\/en_uk\/wp-json\/wp\/v2\/media?parent=11"}],"curies":[{"name":"wp","href":"https:\/\/api.w.org\/{rel}","templated":true}]}}