{"id":2609,"date":"2023-01-09T14:54:55","date_gmt":"2023-01-09T13:54:55","guid":{"rendered":"https:\/\/frauwolle.at\/?post_type=product&#038;p=2609"},"modified":"2024-08-13T18:25:23","modified_gmt":"2024-08-13T16:25:23","slug":"augenblick-und-ohrenglueck","status":"publish","type":"product","link":"https:\/\/frauwolle.at\/en_uk\/shop\/augenblick-und-ohrenglueck\/","title":{"rendered":"Augenblick und Ohrengl\u00fcck"},"content":{"rendered":"\r\n<h2 class=\"wp-embed-aspect-16-9 wp-has-aspect-ratio wp-block-heading\">M\u00e4rchen zum Vor- und Nachlesen<\/h2>\r\n<p><strong>21 Lieblings- und Liebesm\u00e4rchen <\/strong>aus aller Welt <strong>f\u00fcr Erwachsene<\/strong>.<\/p>\r\n<p>In diesen ungew\u00f6hnlichen Volksm\u00e4rchen tauchen unter anderem der Schlaf als Tier, der Gevatter Tod als Gevatter, ein Wunsch als Zahlungsmittel und der Kummer als Wurm auf.<br \/>L\u00e4ngere M\u00e4rchen und kurze Weisheitsgeschichten wechseln sich ab, der weise Narr Nasreddin taucht in f\u00fcnf der Geschichten auf. Au\u00dferdem begegnen wir armen Bauern, Holzf\u00e4llern und Fischern ebenso wie verwirrten K\u00f6nigen, Zaren und Sultanen. Eine Weberin verwandelt die Welt, ein liebender Sohn schafft den Tod ab, ein Pisstopf singt bet\u00f6rend.<br \/>Es wird von Tr\u00e4umen und W\u00fcnschen erz\u00e4hlt, von Abenteuern und Lastern.<\/p>\r\n<p>Mit einem Vorwort von Dan Yashinsky und Illustrationen von Almuth Mota.<br \/>196 Seiten, Schwarz-wei\u00df-Illustrationen, gebunden in rotem Leinen und mit einem gr\u00fcnen Leseband. Erscheinungsjahr und erste Auflage 2010.<\/p>\r\n\r\n\r\n\r\n\r\n\r\n\r\n\r\n<p><a href=\"https:\/\/frauwolle.at\/augenblick-und-ohrenglueck\/\" target=\"_blank\" rel=\"noopener\">[mehr Informationen]<\/a><\/p>\r\n\r\n\r\n\r\n<p>&nbsp;<\/p>\r\n\r\n\r\n\r\n<div class=\"wp-block-spacer\" style=\"height: 20px;\" aria-hidden=\"true\">\u00a0<\/div>","protected":false},"excerpt":{"rendered":"<h2 class=\"wp-embed-aspect-16-9 wp-has-aspect-ratio\">M\u00e4rchen zum Vor- und Nachlesen<\/h2>","protected":false},"featured_media":1388,"template":"","meta":[],"product_brand":[],"product_cat":[53],"product_tag":[154,114,157,71,85,96,115,149,145,69,155,144,68,156,150,89,86,92,148,147,146],"class_list":{"0":"post-2609","1":"product","2":"type-product","3":"status-publish","4":"has-post-thumbnail","6":"product_cat-buecher","7":"product_tag-ehe","8":"product_tag-esel","9":"product_tag-fischer","10":"product_tag-frauen","11":"product_tag-freundschaft","12":"product_tag-gastfreundschaft","13":"product_tag-geduld","14":"product_tag-kummer","15":"product_tag-laster","16":"product_tag-liebe","17":"product_tag-mann-oder-frau","18":"product_tag-meer","19":"product_tag-mut","20":"product_tag-pausen","21":"product_tag-recht","22":"product_tag-schlaf","23":"product_tag-tod","24":"product_tag-traum","25":"product_tag-utopie","26":"product_tag-wuensche","27":"product_tag-zeit","28":"product_shipping_class-buch","30":"first","31":"instock","32":"shipping-taxable","33":"purchasable","34":"product-type-simple"},"yoast_head":"<!-- This site is optimized with the Yoast SEO plugin v27.4 - https:\/\/yoast.com\/product\/yoast-seo-wordpress\/ -->\n<title>Augenblick und Ohrengl\u00fcck - M\u00e4rchenerz\u00e4hlerin Frau Wolle<\/title>\n<meta name=\"robots\" content=\"index, follow, max-snippet:-1, max-image-preview:large, max-video-preview:-1\" \/>\n<link rel=\"canonical\" href=\"https:\/\/frauwolle.at\/en_uk\/shop\/augenblick-und-ohrenglueck\/\" \/>\n<meta property=\"og:locale\" content=\"en_US\" \/>\n<meta property=\"og:type\" content=\"article\" \/>\n<meta property=\"og:title\" content=\"Augenblick und Ohrengl\u00fcck - M\u00e4rchenerz\u00e4hlerin Frau Wolle\" \/>\n<meta property=\"og:description\" content=\"M\u00e4rchen zum Vor- und Nachlesen\" \/>\n<meta property=\"og:url\" content=\"https:\/\/frauwolle.at\/en_uk\/shop\/augenblick-und-ohrenglueck\/\" \/>\n<meta property=\"og:site_name\" content=\"M\u00e4rchenerz\u00e4hlerin Frau Wolle\" \/>\n<meta property=\"article:modified_time\" content=\"2024-08-13T16:25:23+00:00\" \/>\n<meta property=\"og:image\" content=\"https:\/\/frauwolle.at\/wp-content\/uploads\/2022\/07\/AOTitelbild.jpg\" \/>\n\t<meta property=\"og:image:width\" content=\"737\" \/>\n\t<meta property=\"og:image:height\" content=\"791\" \/>\n\t<meta property=\"og:image:type\" content=\"image\/jpeg\" \/>\n<meta name=\"twitter:card\" content=\"summary_large_image\" \/>\n<meta name=\"twitter:label1\" content=\"Est. reading time\" \/>\n\t<meta name=\"twitter:data1\" content=\"1 minute\" \/>\n<script type=\"application\/ld+json\" class=\"yoast-schema-graph\">{\"@context\":\"https:\\\/\\\/schema.org\",\"@graph\":[{\"@type\":\"WebPage\",\"@id\":\"https:\\\/\\\/frauwolle.at\\\/shop\\\/augenblick-und-ohrenglueck\\\/\",\"url\":\"https:\\\/\\\/frauwolle.at\\\/shop\\\/augenblick-und-ohrenglueck\\\/\",\"name\":\"Augenblick und Ohrengl\u00fcck - M\u00e4rchenerz\u00e4hlerin Frau Wolle\",\"isPartOf\":{\"@id\":\"https:\\\/\\\/frauwolle.at\\\/#website\"},\"primaryImageOfPage\":{\"@id\":\"https:\\\/\\\/frauwolle.at\\\/shop\\\/augenblick-und-ohrenglueck\\\/#primaryimage\"},\"image\":{\"@id\":\"https:\\\/\\\/frauwolle.at\\\/shop\\\/augenblick-und-ohrenglueck\\\/#primaryimage\"},\"thumbnailUrl\":\"https:\\\/\\\/frauwolle.at\\\/wp-content\\\/uploads\\\/2022\\\/07\\\/AOTitelbild.jpg\",\"datePublished\":\"2023-01-09T13:54:55+00:00\",\"dateModified\":\"2024-08-13T16:25:23+00:00\",\"breadcrumb\":{\"@id\":\"https:\\\/\\\/frauwolle.at\\\/shop\\\/augenblick-und-ohrenglueck\\\/#breadcrumb\"},\"inLanguage\":\"en-UK\",\"potentialAction\":[{\"@type\":\"ReadAction\",\"target\":[\"https:\\\/\\\/frauwolle.at\\\/shop\\\/augenblick-und-ohrenglueck\\\/\"]}]},{\"@type\":\"ImageObject\",\"inLanguage\":\"en-UK\",\"@id\":\"https:\\\/\\\/frauwolle.at\\\/shop\\\/augenblick-und-ohrenglueck\\\/#primaryimage\",\"url\":\"https:\\\/\\\/frauwolle.at\\\/wp-content\\\/uploads\\\/2022\\\/07\\\/AOTitelbild.jpg\",\"contentUrl\":\"https:\\\/\\\/frauwolle.at\\\/wp-content\\\/uploads\\\/2022\\\/07\\\/AOTitelbild.jpg\",\"width\":737,\"height\":791},{\"@type\":\"BreadcrumbList\",\"@id\":\"https:\\\/\\\/frauwolle.at\\\/shop\\\/augenblick-und-ohrenglueck\\\/#breadcrumb\",\"itemListElement\":[{\"@type\":\"ListItem\",\"position\":1,\"name\":\"Startseite\",\"item\":\"https:\\\/\\\/frauwolle.at\\\/\"},{\"@type\":\"ListItem\",\"position\":2,\"name\":\"Webshop\",\"item\":\"https:\\\/\\\/frauwolle.at\\\/shop\\\/\"},{\"@type\":\"ListItem\",\"position\":3,\"name\":\"Augenblick und Ohrengl\u00fcck\"}]},{\"@type\":\"WebSite\",\"@id\":\"https:\\\/\\\/frauwolle.at\\\/#website\",\"url\":\"https:\\\/\\\/frauwolle.at\\\/\",\"name\":\"M\u00e4rchenerz\u00e4hlerin Frau Wolle\",\"description\":\"Erz\u00e4hlabende, B\u00fccher, Coaching\",\"publisher\":{\"@id\":\"https:\\\/\\\/frauwolle.at\\\/#\\\/schema\\\/person\\\/0b5b278292d8feda95d2b1707ce2c028\"},\"potentialAction\":[{\"@type\":\"SearchAction\",\"target\":{\"@type\":\"EntryPoint\",\"urlTemplate\":\"https:\\\/\\\/frauwolle.at\\\/?s={search_term_string}\"},\"query-input\":{\"@type\":\"PropertyValueSpecification\",\"valueRequired\":true,\"valueName\":\"search_term_string\"}}],\"inLanguage\":\"en-UK\"},{\"@type\":[\"Person\",\"Organization\"],\"@id\":\"https:\\\/\\\/frauwolle.at\\\/#\\\/schema\\\/person\\\/0b5b278292d8feda95d2b1707ce2c028\",\"name\":\"Frau Wolle\",\"image\":{\"@type\":\"ImageObject\",\"inLanguage\":\"en-UK\",\"@id\":\"https:\\\/\\\/frauwolle.at\\\/wp-content\\\/uploads\\\/2022\\\/07\\\/schriftzug-frau-wolle.png\",\"url\":\"https:\\\/\\\/frauwolle.at\\\/wp-content\\\/uploads\\\/2022\\\/07\\\/schriftzug-frau-wolle.png\",\"contentUrl\":\"https:\\\/\\\/frauwolle.at\\\/wp-content\\\/uploads\\\/2022\\\/07\\\/schriftzug-frau-wolle.png\",\"width\":1245,\"height\":412,\"caption\":\"Frau Wolle\"},\"logo\":{\"@id\":\"https:\\\/\\\/frauwolle.at\\\/wp-content\\\/uploads\\\/2022\\\/07\\\/schriftzug-frau-wolle.png\"},\"sameAs\":[\"https:\\\/\\\/www.youtube.com\\\/user\\\/FrauwolleKTscholl\"]}]}<\/script>\n<!-- \/ Yoast SEO plugin. -->","yoast_head_json":{"title":"Augenblick und Ohrengl\u00fcck - M\u00e4rchenerz\u00e4hlerin Frau Wolle","robots":{"index":"index","follow":"follow","max-snippet":"max-snippet:-1","max-image-preview":"max-image-preview:large","max-video-preview":"max-video-preview:-1"},"canonical":"https:\/\/frauwolle.at\/en_uk\/shop\/augenblick-und-ohrenglueck\/","og_locale":"en_US","og_type":"article","og_title":"Augenblick und Ohrengl\u00fcck - M\u00e4rchenerz\u00e4hlerin Frau Wolle","og_description":"M\u00e4rchen zum Vor- und Nachlesen","og_url":"https:\/\/frauwolle.at\/en_uk\/shop\/augenblick-und-ohrenglueck\/","og_site_name":"M\u00e4rchenerz\u00e4hlerin Frau Wolle","article_modified_time":"2024-08-13T16:25:23+00:00","og_image":[{"width":737,"height":791,"url":"https:\/\/frauwolle.at\/wp-content\/uploads\/2022\/07\/AOTitelbild.jpg","type":"image\/jpeg"}],"twitter_card":"summary_large_image","twitter_misc":{"Est. reading time":"1 minute"},"schema":{"@context":"https:\/\/schema.org","@graph":[{"@type":"WebPage","@id":"https:\/\/frauwolle.at\/shop\/augenblick-und-ohrenglueck\/","url":"https:\/\/frauwolle.at\/shop\/augenblick-und-ohrenglueck\/","name":"Augenblick und Ohrengl\u00fcck - M\u00e4rchenerz\u00e4hlerin Frau Wolle","isPartOf":{"@id":"https:\/\/frauwolle.at\/#website"},"primaryImageOfPage":{"@id":"https:\/\/frauwolle.at\/shop\/augenblick-und-ohrenglueck\/#primaryimage"},"image":{"@id":"https:\/\/frauwolle.at\/shop\/augenblick-und-ohrenglueck\/#primaryimage"},"thumbnailUrl":"https:\/\/frauwolle.at\/wp-content\/uploads\/2022\/07\/AOTitelbild.jpg","datePublished":"2023-01-09T13:54:55+00:00","dateModified":"2024-08-13T16:25:23+00:00","breadcrumb":{"@id":"https:\/\/frauwolle.at\/shop\/augenblick-und-ohrenglueck\/#breadcrumb"},"inLanguage":"en-UK","potentialAction":[{"@type":"ReadAction","target":["https:\/\/frauwolle.at\/shop\/augenblick-und-ohrenglueck\/"]}]},{"@type":"ImageObject","inLanguage":"en-UK","@id":"https:\/\/frauwolle.at\/shop\/augenblick-und-ohrenglueck\/#primaryimage","url":"https:\/\/frauwolle.at\/wp-content\/uploads\/2022\/07\/AOTitelbild.jpg","contentUrl":"https:\/\/frauwolle.at\/wp-content\/uploads\/2022\/07\/AOTitelbild.jpg","width":737,"height":791},{"@type":"BreadcrumbList","@id":"https:\/\/frauwolle.at\/shop\/augenblick-und-ohrenglueck\/#breadcrumb","itemListElement":[{"@type":"ListItem","position":1,"name":"Startseite","item":"https:\/\/frauwolle.at\/"},{"@type":"ListItem","position":2,"name":"Webshop","item":"https:\/\/frauwolle.at\/shop\/"},{"@type":"ListItem","position":3,"name":"Augenblick und Ohrengl\u00fcck"}]},{"@type":"WebSite","@id":"https:\/\/frauwolle.at\/#website","url":"https:\/\/frauwolle.at\/","name":"Storyteller Frau Wolle","description":"Erz\u00e4hlabende, B\u00fccher, Coaching","publisher":{"@id":"https:\/\/frauwolle.at\/#\/schema\/person\/0b5b278292d8feda95d2b1707ce2c028"},"potentialAction":[{"@type":"SearchAction","target":{"@type":"EntryPoint","urlTemplate":"https:\/\/frauwolle.at\/?s={search_term_string}"},"query-input":{"@type":"PropertyValueSpecification","valueRequired":true,"valueName":"search_term_string"}}],"inLanguage":"en-UK"},{"@type":["Person","Organization"],"@id":"https:\/\/frauwolle.at\/#\/schema\/person\/0b5b278292d8feda95d2b1707ce2c028","name":"Frau Wolle","image":{"@type":"ImageObject","inLanguage":"en-UK","@id":"https:\/\/frauwolle.at\/wp-content\/uploads\/2022\/07\/schriftzug-frau-wolle.png","url":"https:\/\/frauwolle.at\/wp-content\/uploads\/2022\/07\/schriftzug-frau-wolle.png","contentUrl":"https:\/\/frauwolle.at\/wp-content\/uploads\/2022\/07\/schriftzug-frau-wolle.png","width":1245,"height":412,"caption":"Frau Wolle"},"logo":{"@id":"https:\/\/frauwolle.at\/wp-content\/uploads\/2022\/07\/schriftzug-frau-wolle.png"},"sameAs":["https:\/\/www.youtube.com\/user\/FrauwolleKTscholl"]}]}},"_links":{"self":[{"href":"https:\/\/frauwolle.at\/en_uk\/wp-json\/wp\/v2\/product\/2609","targetHints":{"allow":["GET"]}}],"collection":[{"href":"https:\/\/frauwolle.at\/en_uk\/wp-json\/wp\/v2\/product"}],"about":[{"href":"https:\/\/frauwolle.at\/en_uk\/wp-json\/wp\/v2\/types\/product"}],"wp:featuredmedia":[{"embeddable":true,"href":"https:\/\/frauwolle.at\/en_uk\/wp-json\/wp\/v2\/media\/1388"}],"wp:attachment":[{"href":"https:\/\/frauwolle.at\/en_uk\/wp-json\/wp\/v2\/media?parent=2609"}],"wp:term":[{"taxonomy":"product_brand","embeddable":true,"href":"https:\/\/frauwolle.at\/en_uk\/wp-json\/wp\/v2\/product_brand?post=2609"},{"taxonomy":"product_cat","embeddable":true,"href":"https:\/\/frauwolle.at\/en_uk\/wp-json\/wp\/v2\/product_cat?post=2609"},{"taxonomy":"product_tag","embeddable":true,"href":"https:\/\/frauwolle.at\/en_uk\/wp-json\/wp\/v2\/product_tag?post=2609"}],"curies":[{"name":"wp","href":"https:\/\/api.w.org\/{rel}","templated":true}]}}