{"id":2611,"date":"2023-01-09T15:01:39","date_gmt":"2023-01-09T14:01:39","guid":{"rendered":"https:\/\/frauwolle.at\/?post_type=product&#038;p=2611"},"modified":"2026-02-02T18:47:19","modified_gmt":"2026-02-02T17:47:19","slug":"huehnersuppe-und-rosenduft","status":"publish","type":"product","link":"https:\/\/frauwolle.at\/en_uk\/shop\/huehnersuppe-und-rosenduft\/","title":{"rendered":"H\u00fchnersuppe und Rosenduft"},"content":{"rendered":"\r\n<p><strong>Ein einzelnes \u00e4thiopisches M\u00e4rchen<\/strong>, das \u00fcber den Libanon, Paris und Wales und \u00fcber die franz\u00f6sische Erz\u00e4hlerin Praline Gay Para zu mir gewandert ist. <br \/>Humorvoll und poetisch erz\u00e4hlt es von Gastfreundschaft und wahrem Reichtum. Die Geschichte vom geheimnisvollen Fremden, der bei einem einfachen Bauern Gastfreundschaft findet: Ein M\u00e4rchen vom Geben, Nehmen und Ankommen voll Weisheit und Sch\u00f6nheit \u2013 gewidmet den guten G\u00e4sten und gro\u00dfz\u00fcgigen Gastgeber*innen dieser weiten Welt. Zusammen mit einer duftenden Rose kann es ein wundersch\u00f6nes Gast-Geschenk werden.<\/p>\r\n<p>32 Seiten, ein Bilderbuch f\u00fcr Erwachsene mit Illustrationen von <a href=\"https:\/\/vidyaykina.com\/\" target=\"_blank\" rel=\"noreferrer noopener\">Anna Vidyaykina<\/a>, Erscheinungsjahr 2009, 4. Auflage 2021.<\/p>\r\n\r\n\r\n\r\n\r\n\r\n\r\n\r\n<p><a href=\"https:\/\/frauwolle.at\/augenblick-und-ohrenglueck\/\" target=\"_blank\" rel=\"noopener\">[mehr Informationen]<\/a><\/p>\r\n\r\n\r\n\r\n<p>&nbsp;<\/p>\r\n\r\n\r\n\r\n<div class=\"wp-block-spacer\" style=\"height: 20px;\" aria-hidden=\"true\">\u00a0<\/div>","protected":false},"excerpt":{"rendered":"<p>Ein einzelnes \u00e4thiopisches M\u00e4rchen, das \u00fcber den Libanon, Paris und Wales und \u00fcber die franz\u00f6sische Erz\u00e4hlerin Praline Gay Para zu mir gewandert ist. Humorvoll und poetisch erz\u00e4hlt es von Gastfreundschaft [&hellip;]<\/p>\n","protected":false},"featured_media":2843,"template":"","meta":[],"product_brand":[],"product_cat":[53],"product_tag":[121,122,94,152,85,96,120,83,153,110,95],"class_list":{"0":"post-2611","1":"product","2":"type-product","3":"status-publish","4":"has-post-thumbnail","6":"product_cat-buecher","7":"product_tag-besuch","8":"product_tag-dankbarkeit","9":"product_tag-ehre","10":"product_tag-freigibigkeit","11":"product_tag-freundschaft","12":"product_tag-gastfreundschaft","13":"product_tag-gastgeschenk","14":"product_tag-geschenk","15":"product_tag-herzlichkeit","16":"product_tag-neugier","17":"product_tag-weisheit","18":"product_shipping_class-buch","20":"first","21":"instock","22":"shipping-taxable","23":"purchasable","24":"product-type-simple"},"yoast_head":"<!-- This site is optimized with the Yoast SEO plugin v27.4 - https:\/\/yoast.com\/product\/yoast-seo-wordpress\/ -->\n<title>H\u00fchnersuppe und Rosenduft - M\u00e4rchenerz\u00e4hlerin Frau Wolle<\/title>\n<meta name=\"robots\" content=\"index, follow, max-snippet:-1, max-image-preview:large, max-video-preview:-1\" \/>\n<link rel=\"canonical\" href=\"https:\/\/frauwolle.at\/en_uk\/shop\/huehnersuppe-und-rosenduft\/\" \/>\n<meta property=\"og:locale\" content=\"en_US\" \/>\n<meta property=\"og:type\" content=\"article\" \/>\n<meta property=\"og:title\" content=\"H\u00fchnersuppe und Rosenduft - M\u00e4rchenerz\u00e4hlerin Frau Wolle\" \/>\n<meta property=\"og:description\" content=\"Ein einzelnes \u00e4thiopisches M\u00e4rchen, das \u00fcber den Libanon, Paris und Wales und \u00fcber die franz\u00f6sische Erz\u00e4hlerin Praline Gay Para zu mir gewandert ist. Humorvoll und poetisch erz\u00e4hlt es von Gastfreundschaft [&hellip;]\" \/>\n<meta property=\"og:url\" content=\"https:\/\/frauwolle.at\/en_uk\/shop\/huehnersuppe-und-rosenduft\/\" \/>\n<meta property=\"og:site_name\" content=\"M\u00e4rchenerz\u00e4hlerin Frau Wolle\" \/>\n<meta property=\"article:modified_time\" content=\"2026-02-02T17:47:19+00:00\" \/>\n<meta property=\"og:image\" content=\"https:\/\/frauwolle.at\/wp-content\/uploads\/2023\/01\/Cover_Huehnersuppe-web.jpg\" \/>\n\t<meta property=\"og:image:width\" content=\"1816\" \/>\n\t<meta property=\"og:image:height\" content=\"2197\" \/>\n\t<meta property=\"og:image:type\" content=\"image\/jpeg\" \/>\n<meta name=\"twitter:card\" content=\"summary_large_image\" \/>\n<meta name=\"twitter:label1\" content=\"Est. reading time\" \/>\n\t<meta name=\"twitter:data1\" content=\"1 minute\" \/>\n<script type=\"application\/ld+json\" class=\"yoast-schema-graph\">{\"@context\":\"https:\\\/\\\/schema.org\",\"@graph\":[{\"@type\":\"WebPage\",\"@id\":\"https:\\\/\\\/frauwolle.at\\\/shop\\\/huehnersuppe-und-rosenduft\\\/\",\"url\":\"https:\\\/\\\/frauwolle.at\\\/shop\\\/huehnersuppe-und-rosenduft\\\/\",\"name\":\"H\u00fchnersuppe und Rosenduft - M\u00e4rchenerz\u00e4hlerin Frau Wolle\",\"isPartOf\":{\"@id\":\"https:\\\/\\\/frauwolle.at\\\/#website\"},\"primaryImageOfPage\":{\"@id\":\"https:\\\/\\\/frauwolle.at\\\/shop\\\/huehnersuppe-und-rosenduft\\\/#primaryimage\"},\"image\":{\"@id\":\"https:\\\/\\\/frauwolle.at\\\/shop\\\/huehnersuppe-und-rosenduft\\\/#primaryimage\"},\"thumbnailUrl\":\"https:\\\/\\\/frauwolle.at\\\/wp-content\\\/uploads\\\/2023\\\/01\\\/Cover_Huehnersuppe-web.jpg\",\"datePublished\":\"2023-01-09T14:01:39+00:00\",\"dateModified\":\"2026-02-02T17:47:19+00:00\",\"breadcrumb\":{\"@id\":\"https:\\\/\\\/frauwolle.at\\\/shop\\\/huehnersuppe-und-rosenduft\\\/#breadcrumb\"},\"inLanguage\":\"en-UK\",\"potentialAction\":[{\"@type\":\"ReadAction\",\"target\":[\"https:\\\/\\\/frauwolle.at\\\/shop\\\/huehnersuppe-und-rosenduft\\\/\"]}]},{\"@type\":\"ImageObject\",\"inLanguage\":\"en-UK\",\"@id\":\"https:\\\/\\\/frauwolle.at\\\/shop\\\/huehnersuppe-und-rosenduft\\\/#primaryimage\",\"url\":\"https:\\\/\\\/frauwolle.at\\\/wp-content\\\/uploads\\\/2023\\\/01\\\/Cover_Huehnersuppe-web.jpg\",\"contentUrl\":\"https:\\\/\\\/frauwolle.at\\\/wp-content\\\/uploads\\\/2023\\\/01\\\/Cover_Huehnersuppe-web.jpg\",\"width\":1816,\"height\":2197},{\"@type\":\"BreadcrumbList\",\"@id\":\"https:\\\/\\\/frauwolle.at\\\/shop\\\/huehnersuppe-und-rosenduft\\\/#breadcrumb\",\"itemListElement\":[{\"@type\":\"ListItem\",\"position\":1,\"name\":\"Startseite\",\"item\":\"https:\\\/\\\/frauwolle.at\\\/\"},{\"@type\":\"ListItem\",\"position\":2,\"name\":\"Webshop\",\"item\":\"https:\\\/\\\/frauwolle.at\\\/shop\\\/\"},{\"@type\":\"ListItem\",\"position\":3,\"name\":\"H\u00fchnersuppe und Rosenduft\"}]},{\"@type\":\"WebSite\",\"@id\":\"https:\\\/\\\/frauwolle.at\\\/#website\",\"url\":\"https:\\\/\\\/frauwolle.at\\\/\",\"name\":\"M\u00e4rchenerz\u00e4hlerin Frau Wolle\",\"description\":\"Erz\u00e4hlabende, B\u00fccher, Coaching\",\"publisher\":{\"@id\":\"https:\\\/\\\/frauwolle.at\\\/#\\\/schema\\\/person\\\/0b5b278292d8feda95d2b1707ce2c028\"},\"potentialAction\":[{\"@type\":\"SearchAction\",\"target\":{\"@type\":\"EntryPoint\",\"urlTemplate\":\"https:\\\/\\\/frauwolle.at\\\/?s={search_term_string}\"},\"query-input\":{\"@type\":\"PropertyValueSpecification\",\"valueRequired\":true,\"valueName\":\"search_term_string\"}}],\"inLanguage\":\"en-UK\"},{\"@type\":[\"Person\",\"Organization\"],\"@id\":\"https:\\\/\\\/frauwolle.at\\\/#\\\/schema\\\/person\\\/0b5b278292d8feda95d2b1707ce2c028\",\"name\":\"Frau Wolle\",\"image\":{\"@type\":\"ImageObject\",\"inLanguage\":\"en-UK\",\"@id\":\"https:\\\/\\\/frauwolle.at\\\/wp-content\\\/uploads\\\/2022\\\/07\\\/schriftzug-frau-wolle.png\",\"url\":\"https:\\\/\\\/frauwolle.at\\\/wp-content\\\/uploads\\\/2022\\\/07\\\/schriftzug-frau-wolle.png\",\"contentUrl\":\"https:\\\/\\\/frauwolle.at\\\/wp-content\\\/uploads\\\/2022\\\/07\\\/schriftzug-frau-wolle.png\",\"width\":1245,\"height\":412,\"caption\":\"Frau Wolle\"},\"logo\":{\"@id\":\"https:\\\/\\\/frauwolle.at\\\/wp-content\\\/uploads\\\/2022\\\/07\\\/schriftzug-frau-wolle.png\"},\"sameAs\":[\"https:\\\/\\\/www.youtube.com\\\/user\\\/FrauwolleKTscholl\"]}]}<\/script>\n<!-- \/ Yoast SEO plugin. -->","yoast_head_json":{"title":"H\u00fchnersuppe und Rosenduft - M\u00e4rchenerz\u00e4hlerin Frau Wolle","robots":{"index":"index","follow":"follow","max-snippet":"max-snippet:-1","max-image-preview":"max-image-preview:large","max-video-preview":"max-video-preview:-1"},"canonical":"https:\/\/frauwolle.at\/en_uk\/shop\/huehnersuppe-und-rosenduft\/","og_locale":"en_US","og_type":"article","og_title":"H\u00fchnersuppe und Rosenduft - M\u00e4rchenerz\u00e4hlerin Frau Wolle","og_description":"Ein einzelnes \u00e4thiopisches M\u00e4rchen, das \u00fcber den Libanon, Paris und Wales und \u00fcber die franz\u00f6sische Erz\u00e4hlerin Praline Gay Para zu mir gewandert ist. Humorvoll und poetisch erz\u00e4hlt es von Gastfreundschaft [&hellip;]","og_url":"https:\/\/frauwolle.at\/en_uk\/shop\/huehnersuppe-und-rosenduft\/","og_site_name":"M\u00e4rchenerz\u00e4hlerin Frau Wolle","article_modified_time":"2026-02-02T17:47:19+00:00","og_image":[{"width":1816,"height":2197,"url":"https:\/\/frauwolle.at\/wp-content\/uploads\/2023\/01\/Cover_Huehnersuppe-web.jpg","type":"image\/jpeg"}],"twitter_card":"summary_large_image","twitter_misc":{"Est. reading time":"1 minute"},"schema":{"@context":"https:\/\/schema.org","@graph":[{"@type":"WebPage","@id":"https:\/\/frauwolle.at\/shop\/huehnersuppe-und-rosenduft\/","url":"https:\/\/frauwolle.at\/shop\/huehnersuppe-und-rosenduft\/","name":"H\u00fchnersuppe und Rosenduft - M\u00e4rchenerz\u00e4hlerin Frau Wolle","isPartOf":{"@id":"https:\/\/frauwolle.at\/#website"},"primaryImageOfPage":{"@id":"https:\/\/frauwolle.at\/shop\/huehnersuppe-und-rosenduft\/#primaryimage"},"image":{"@id":"https:\/\/frauwolle.at\/shop\/huehnersuppe-und-rosenduft\/#primaryimage"},"thumbnailUrl":"https:\/\/frauwolle.at\/wp-content\/uploads\/2023\/01\/Cover_Huehnersuppe-web.jpg","datePublished":"2023-01-09T14:01:39+00:00","dateModified":"2026-02-02T17:47:19+00:00","breadcrumb":{"@id":"https:\/\/frauwolle.at\/shop\/huehnersuppe-und-rosenduft\/#breadcrumb"},"inLanguage":"en-UK","potentialAction":[{"@type":"ReadAction","target":["https:\/\/frauwolle.at\/shop\/huehnersuppe-und-rosenduft\/"]}]},{"@type":"ImageObject","inLanguage":"en-UK","@id":"https:\/\/frauwolle.at\/shop\/huehnersuppe-und-rosenduft\/#primaryimage","url":"https:\/\/frauwolle.at\/wp-content\/uploads\/2023\/01\/Cover_Huehnersuppe-web.jpg","contentUrl":"https:\/\/frauwolle.at\/wp-content\/uploads\/2023\/01\/Cover_Huehnersuppe-web.jpg","width":1816,"height":2197},{"@type":"BreadcrumbList","@id":"https:\/\/frauwolle.at\/shop\/huehnersuppe-und-rosenduft\/#breadcrumb","itemListElement":[{"@type":"ListItem","position":1,"name":"Startseite","item":"https:\/\/frauwolle.at\/"},{"@type":"ListItem","position":2,"name":"Webshop","item":"https:\/\/frauwolle.at\/shop\/"},{"@type":"ListItem","position":3,"name":"H\u00fchnersuppe und Rosenduft"}]},{"@type":"WebSite","@id":"https:\/\/frauwolle.at\/#website","url":"https:\/\/frauwolle.at\/","name":"Storyteller Frau Wolle","description":"Erz\u00e4hlabende, B\u00fccher, Coaching","publisher":{"@id":"https:\/\/frauwolle.at\/#\/schema\/person\/0b5b278292d8feda95d2b1707ce2c028"},"potentialAction":[{"@type":"SearchAction","target":{"@type":"EntryPoint","urlTemplate":"https:\/\/frauwolle.at\/?s={search_term_string}"},"query-input":{"@type":"PropertyValueSpecification","valueRequired":true,"valueName":"search_term_string"}}],"inLanguage":"en-UK"},{"@type":["Person","Organization"],"@id":"https:\/\/frauwolle.at\/#\/schema\/person\/0b5b278292d8feda95d2b1707ce2c028","name":"Frau Wolle","image":{"@type":"ImageObject","inLanguage":"en-UK","@id":"https:\/\/frauwolle.at\/wp-content\/uploads\/2022\/07\/schriftzug-frau-wolle.png","url":"https:\/\/frauwolle.at\/wp-content\/uploads\/2022\/07\/schriftzug-frau-wolle.png","contentUrl":"https:\/\/frauwolle.at\/wp-content\/uploads\/2022\/07\/schriftzug-frau-wolle.png","width":1245,"height":412,"caption":"Frau Wolle"},"logo":{"@id":"https:\/\/frauwolle.at\/wp-content\/uploads\/2022\/07\/schriftzug-frau-wolle.png"},"sameAs":["https:\/\/www.youtube.com\/user\/FrauwolleKTscholl"]}]}},"_links":{"self":[{"href":"https:\/\/frauwolle.at\/en_uk\/wp-json\/wp\/v2\/product\/2611","targetHints":{"allow":["GET"]}}],"collection":[{"href":"https:\/\/frauwolle.at\/en_uk\/wp-json\/wp\/v2\/product"}],"about":[{"href":"https:\/\/frauwolle.at\/en_uk\/wp-json\/wp\/v2\/types\/product"}],"wp:featuredmedia":[{"embeddable":true,"href":"https:\/\/frauwolle.at\/en_uk\/wp-json\/wp\/v2\/media\/2843"}],"wp:attachment":[{"href":"https:\/\/frauwolle.at\/en_uk\/wp-json\/wp\/v2\/media?parent=2611"}],"wp:term":[{"taxonomy":"product_brand","embeddable":true,"href":"https:\/\/frauwolle.at\/en_uk\/wp-json\/wp\/v2\/product_brand?post=2611"},{"taxonomy":"product_cat","embeddable":true,"href":"https:\/\/frauwolle.at\/en_uk\/wp-json\/wp\/v2\/product_cat?post=2611"},{"taxonomy":"product_tag","embeddable":true,"href":"https:\/\/frauwolle.at\/en_uk\/wp-json\/wp\/v2\/product_tag?post=2611"}],"curies":[{"name":"wp","href":"https:\/\/api.w.org\/{rel}","templated":true}]}}